{"id":28,"date":"2023-01-25T14:05:14","date_gmt":"2023-01-25T12:05:14","guid":{"rendered":"http:\/\/murrosareena.fi\/lahioareena\/?page_id=28"},"modified":"2023-10-12T15:47:20","modified_gmt":"2023-10-12T12:47:20","slug":"kysymys-3","status":"publish","type":"page","link":"https:\/\/murrosareena.fi\/lahioareena\/kysymys-3\/","title":{"rendered":"2a. V\u00e4h\u00e4hiilisyyden politiikka"},"content":{"rendered":"<p><strong>Videolla<\/strong> kerrotaan politiikan muutospolun p\u00e4\u00e4viestit. Sivun alareunasta l\u00f6yd\u00e4t kommentti-ikkunan.<\/p>\n<ul>\n<li>Mik\u00e4 on n\u00e4kemyksesi polun p\u00e4\u00e4viesteist\u00e4?<\/li>\n<li>Onko jotain olennaista j\u00e4\u00e4nyt mielest\u00e4si huomaamatta?<\/li>\n<\/ul>\n<p>Politiikkaohjauksen muutospolulla pohditaan miten energiaremontit ja -ratkaisut saadaan kiinte\u00e4ksi osaksi l\u00e4hi\u00f6iden kehityst\u00e4. Kuuntele videolta polun l\u00e4ht\u00f6kohdat.<\/p>\n<div style=\"width: 525px;\" class=\"wp-video\"><video class=\"wp-video-shortcode\" id=\"video-28-1\" width=\"525\" height=\"296\" poster=\"https:\/\/murrosareena.fi\/lahioareena\/wp-content\/uploads\/sites\/7\/2023\/03\/CP2_-1080WebShare-mov-image.jpg\" preload=\"metadata\" controls=\"controls\"><source type=\"video\/mp4\" src=\"https:\/\/murrosareena.fi\/lahioareena\/wp-content\/uploads\/sites\/7\/2023\/03\/CP2_-1080WebShare-1.mp4?_=1\" \/><a href=\"https:\/\/murrosareena.fi\/lahioareena\/wp-content\/uploads\/sites\/7\/2023\/03\/CP2_-1080WebShare-1.mp4\">https:\/\/murrosareena.fi\/lahioareena\/wp-content\/uploads\/sites\/7\/2023\/03\/CP2_-1080WebShare-1.mp4<\/a><\/video><\/div>\n<p>&nbsp;<\/p>\n<p><a href=\"https:\/\/murrosareena.fi\/lahioareena\/kysymys-4\/\">Seuraava sivu<\/a><\/p>\n","protected":false},"excerpt":{"rendered":"<p>Videolla kerrotaan politiikan muutospolun p\u00e4\u00e4viestit. Sivun alareunasta l\u00f6yd\u00e4t kommentti-ikkunan. Mik\u00e4 on n\u00e4kemyksesi polun p\u00e4\u00e4viesteist\u00e4? Onko jotain olennaista j\u00e4\u00e4nyt mielest\u00e4si huomaamatta? Politiikkaohjauksen muutospolulla pohditaan miten energiaremontit ja -ratkaisut saadaan kiinte\u00e4ksi osaksi l\u00e4hi\u00f6iden kehityst\u00e4. Kuuntele videolta polun l\u00e4ht\u00f6kohdat. &nbsp; Seuraava sivu<\/p>\n","protected":false},"author":7,"featured_media":0,"parent":0,"menu_order":4,"comment_status":"open","ping_status":"closed","template":"","meta":{"_acf_changed":false,"footnotes":""},"class_list":["post-28","page","type-page","status-publish","hentry"],"acf":[],"_links":{"self":[{"href":"https:\/\/murrosareena.fi\/lahioareena\/wp-json\/wp\/v2\/pages\/28","targetHints":{"allow":["GET"]}}],"collection":[{"href":"https:\/\/murrosareena.fi\/lahioareena\/wp-json\/wp\/v2\/pages"}],"about":[{"href":"https:\/\/murrosareena.fi\/lahioareena\/wp-json\/wp\/v2\/types\/page"}],"author":[{"embeddable":true,"href":"https:\/\/murrosareena.fi\/lahioareena\/wp-json\/wp\/v2\/users\/7"}],"replies":[{"embeddable":true,"href":"https:\/\/murrosareena.fi\/lahioareena\/wp-json\/wp\/v2\/comments?post=28"}],"version-history":[{"count":22,"href":"https:\/\/murrosareena.fi\/lahioareena\/wp-json\/wp\/v2\/pages\/28\/revisions"}],"predecessor-version":[{"id":209,"href":"https:\/\/murrosareena.fi\/lahioareena\/wp-json\/wp\/v2\/pages\/28\/revisions\/209"}],"wp:attachment":[{"href":"https:\/\/murrosareena.fi\/lahioareena\/wp-json\/wp\/v2\/media?parent=28"}],"curies":[{"name":"wp","href":"https:\/\/api.w.org\/{rel}","templated":true}]}}