{"id":23,"date":"2023-01-25T14:04:53","date_gmt":"2023-01-25T12:04:53","guid":{"rendered":"http:\/\/murrosareena.fi\/lahioareena\/?page_id=23"},"modified":"2023-10-12T15:47:25","modified_gmt":"2023-10-12T12:47:25","slug":"kysymys-2","status":"publish","type":"page","link":"https:\/\/murrosareena.fi\/lahioareena\/kysymys-2\/","title":{"rendered":"1b. Arjen muutospolku"},"content":{"rendered":"<p><strong>Videolla<\/strong> kerrotaan tarkemmin muutospolun askelista ja <strong>kuvan<\/strong> avulla voit zoomata l\u00e4hemm\u00e4s yksitt\u00e4isiin &#8221;muutosaskeliin&#8221;. Sivun alareunasta l\u00f6yd\u00e4t kommentti-ikkunan.<\/p>\n<ul>\n<li><span style=\"font-weight: 400;\">Haluatko kommentoida muutospolulla ehdotettuja askelia?<\/span><\/li>\n<li><span style=\"font-weight: 400;\">Ehdota my\u00f6s omia tarkennuksia tai lis\u00e4yksi\u00e4 ilmastoviisaiksi arjen ratkaisuiksi!<\/span><\/li>\n<\/ul>\n<p>Arjen k\u00e4yt\u00e4nt\u00f6jen muutospolulla k\u00e4sitell\u00e4\u00e4n <strong>nelj\u00e4 muutosaskelta, joiden kautta ilmastoviisaat ratkaisut ovat kaikkien asukkaiden saavutettavissa vuonna 2030.<\/strong> Polku alkaa t\u00e4m\u00e4n p\u00e4iv\u00e4n faktojen, kokeilujen ja haasteiden k\u00e4sittelyll\u00e4 ja kuvaa oikeudenmukaista siirtym\u00e4\u00e4 v\u00e4h\u00e4hiiliseen asumiseen. Jokainen askelkokonaisuus pit\u00e4\u00e4 sis\u00e4ll\u00e4\u00e4n my\u00f6s konkreettisia ratkaisuja, joilla muutosta voidaan edist\u00e4\u00e4. Kuuntele p\u00e4\u00e4vaiheet alla olevalta videolta ja perehdy tarkempaan polkukuvaan alla olevassa tiedostossa.<\/p>\n<div style=\"padding: 75% 0 0 0; position: relative;\"><iframe style=\"position: absolute; top: 0; left: 0; width: 100%; height: 100%;\" title=\"Polku 1.mp4\" src=\"https:\/\/player.vimeo.com\/video\/808227967?h=8f11464460&amp;badge=0&amp;autopause=0&amp;player_id=0&amp;app_id=58479\" frameborder=\"0\" allowfullscreen=\"allowfullscreen\"><\/iframe><\/div>\n<p><script src=\"https:\/\/player.vimeo.com\/api\/player.js\"><\/script><\/p>\n<p>P\u00e4\u00e4set t\u00e4m\u00e4n linkin kautta tarkastelemaan tarkemmin muutospolulle ehdotettuja askelia ja toimia: <a href=\"https:\/\/murrosareena.fi\/lahioareena\/wp-content\/uploads\/sites\/7\/2023\/03\/Polkukuva-pysty-Arjen-ratkaisut.pdf\">Polkukuva pysty &#8211; Arjen ratkaisut<\/a>. PDF-tiedostoa pystyy alla katselemaan ja zoomaamaan suoraan, ja sen voi my\u00f6s ladata omalle koneelle.<\/p>\n<a href=\"https:\/\/murrosareena.fi\/lahioareena\/wp-content\/uploads\/sites\/7\/2023\/03\/Polkukuva-pysty-Arjen-ratkaisut.pdf\" class=\"pdfemb-viewer\" style=\"\" data-width=\"max\" data-height=\"max\" data-toolbar=\"bottom\" data-toolbar-fixed=\"off\">Polkukuva pysty - Arjen ratkaisut<\/a>\n<p>&nbsp;<\/p>\n<p><a href=\"https:\/\/murrosareena.fi\/lahioareena\/kysymys-3\/\">Seuraava sivu<\/a><\/p>\n","protected":false},"excerpt":{"rendered":"<p>Videolla kerrotaan tarkemmin muutospolun askelista ja kuvan avulla voit zoomata l\u00e4hemm\u00e4s yksitt\u00e4isiin &#8221;muutosaskeliin&#8221;. Sivun alareunasta l\u00f6yd\u00e4t kommentti-ikkunan. Haluatko kommentoida muutospolulla ehdotettuja askelia? Ehdota my\u00f6s omia tarkennuksia tai lis\u00e4yksi\u00e4 ilmastoviisaiksi arjen ratkaisuiksi! Arjen k\u00e4yt\u00e4nt\u00f6jen muutospolulla k\u00e4sitell\u00e4\u00e4n nelj\u00e4 muutosaskelta, joiden kautta ilmastoviisaat ratkaisut ovat kaikkien asukkaiden saavutettavissa vuonna 2030. Polku alkaa t\u00e4m\u00e4n p\u00e4iv\u00e4n faktojen, kokeilujen ja haasteiden &hellip; <\/p>\n<p class=\"link-more\"><a href=\"https:\/\/murrosareena.fi\/lahioareena\/kysymys-2\/\" class=\"more-link\">Jatka lukemista<span class=\"screen-reader-text\"> &#8221;1b. Arjen muutospolku&#8221;<\/span><\/a><\/p>\n","protected":false},"author":7,"featured_media":0,"parent":0,"menu_order":3,"comment_status":"open","ping_status":"closed","template":"","meta":{"_acf_changed":false,"footnotes":""},"class_list":["post-23","page","type-page","status-publish","hentry"],"acf":[],"_links":{"self":[{"href":"https:\/\/murrosareena.fi\/lahioareena\/wp-json\/wp\/v2\/pages\/23","targetHints":{"allow":["GET"]}}],"collection":[{"href":"https:\/\/murrosareena.fi\/lahioareena\/wp-json\/wp\/v2\/pages"}],"about":[{"href":"https:\/\/murrosareena.fi\/lahioareena\/wp-json\/wp\/v2\/types\/page"}],"author":[{"embeddable":true,"href":"https:\/\/murrosareena.fi\/lahioareena\/wp-json\/wp\/v2\/users\/7"}],"replies":[{"embeddable":true,"href":"https:\/\/murrosareena.fi\/lahioareena\/wp-json\/wp\/v2\/comments?post=23"}],"version-history":[{"count":35,"href":"https:\/\/murrosareena.fi\/lahioareena\/wp-json\/wp\/v2\/pages\/23\/revisions"}],"predecessor-version":[{"id":210,"href":"https:\/\/murrosareena.fi\/lahioareena\/wp-json\/wp\/v2\/pages\/23\/revisions\/210"}],"wp:attachment":[{"href":"https:\/\/murrosareena.fi\/lahioareena\/wp-json\/wp\/v2\/media?parent=23"}],"curies":[{"name":"wp","href":"https:\/\/api.w.org\/{rel}","templated":true}]}}