{"id":19,"date":"2023-01-25T14:03:24","date_gmt":"2023-01-25T12:03:24","guid":{"rendered":"http:\/\/murrosareena.fi\/lahioareena\/?page_id=19"},"modified":"2023-06-07T15:04:36","modified_gmt":"2023-06-07T12:04:36","slug":"etusivu","status":"publish","type":"page","link":"https:\/\/murrosareena.fi\/lahioareena\/","title":{"rendered":"Tervetuloa tutustumaan l\u00e4hi\u00f6areenan tuloksiin!"},"content":{"rendered":"<p><span style=\"font-weight: 400;\"><img loading=\"lazy\" decoding=\"async\" class=\"alignnone size-medium wp-image-141\" src=\"https:\/\/murrosareena.fi\/lahioareena\/wp-content\/uploads\/sites\/7\/2023\/03\/DecarbonHome_light-300x264.jpg\" alt=\"\" width=\"300\" height=\"264\" srcset=\"https:\/\/murrosareena.fi\/lahioareena\/wp-content\/uploads\/sites\/7\/2023\/03\/DecarbonHome_light-300x264.jpg 300w, https:\/\/murrosareena.fi\/lahioareena\/wp-content\/uploads\/sites\/7\/2023\/03\/DecarbonHome_light.jpg 303w\" sizes=\"auto, (max-width: 300px) 100vw, 300px\" \/><\/span><\/p>\n<p><span style=\"font-weight: 400;\">Tervetuloa Mellunkyl\u00e4n l\u00e4hi\u00f6areenan tulosten kommentointisivustolle!<\/span><\/p>\n<p><span style=\"font-weight: 400;\">Decarbon-Home -hankkeen kev\u00e4\u00e4n 2023 j\u00e4rjest\u00e4m\u00e4ss\u00e4 areenassa etsittiin keinoja v\u00e4h\u00e4hiilisen asumisen edist\u00e4miseen l\u00e4hi\u00f6iss\u00e4 tarkastelemalla erityisesti Kontulan ja Mellunm\u00e4en l\u00e4hi\u00f6it\u00e4. Ty\u00f6ss\u00e4 rakennettiin <strong>kaksi muutospolkua<\/strong>, jotka kuvaavat tarvittavia toimia esimerkiksi arjen, kaupunkisuunnittelun ja politiikan n\u00e4k\u00f6kulmista.<\/span><\/p>\n<p><span style=\"font-weight: 400;\">P\u00e4\u00e4set tutustumaan polkujen ydinajatuksiin ja tarkempiin askeliin <strong>yl\u00e4valikon v\u00e4lilehdill\u00e4<\/strong>. Jokaisella sivulla on my\u00f6s tarkentavia kysymyksi\u00e4 ja kommenttikentt\u00e4, joiden avulla voit tuoda oman n\u00e4kemyksesi tuloksista. Vastauksia k\u00e4ytet\u00e4\u00e4n Decarbon-Homen hankkeen tutkimusty\u00f6ss\u00e4 v\u00e4h\u00e4hiilisen asumisen edist\u00e4miseksi Suomessa.<\/span><\/p>\n<p><a href=\"https:\/\/murrosareena.fi\/lahioareena\/kysymys-1\/\">Seuraava<\/a><\/p>\n<p><span style=\"font-weight: 400;\"><strong>Tietojen k\u00e4ytt\u00f6<\/strong><\/span><\/p>\n<p><span style=\"font-weight: 400;\">Dokumentoimme kommentit ja keskustelun tutkimusk\u00e4ytt\u00f6\u00f6n Mellunkyl\u00e4n l\u00e4hi\u00f6areenan analyysity\u00f6n tueksi. Kaikkea materiaalia k\u00e4sitell\u00e4\u00e4n anonyymisti, eli mahdolliset nimitiedot poistetaan aineistosta ennen analyysi\u00e4. Kaikkien materiaalien s\u00e4ilytt\u00e4minen tapahtuu j\u00e4rjest\u00e4vien organisaatioiden hallussa. Sinulla on oikeus pyyt\u00e4\u00e4 n\u00e4ht\u00e4v\u00e4ksi sinua koskettavat materiaalit ja pyyt\u00e4\u00e4 niiden poistamista. Lue lis\u00e4\u00e4 tietosuojasta t\u00e4\u00e4lt\u00e4.\u00a0<\/span><\/p>\n<p><span style=\"font-weight: 400;\"><strong>Tietosuojailmoitus<\/strong>: <\/span><a href=\"https:\/\/docs.google.com\/document\/d\/1zI2H6K1zfSWPlyBaLrIdZ_f9KDUSzJqGgfkYGI3Lhew\/edit?usp=sharing\"><span style=\"font-weight: 400;\">https:\/\/docs.google.com\/document\/d\/1zI2H6K1zfSWPlyBaLrIdZ_f9KDUSzJqGgfkYGI3Lhew\/edit?usp=sharing<\/span><\/a><\/p>\n","protected":false},"excerpt":{"rendered":"<p>Tervetuloa Mellunkyl\u00e4n l\u00e4hi\u00f6areenan tulosten kommentointisivustolle! Decarbon-Home -hankkeen kev\u00e4\u00e4n 2023 j\u00e4rjest\u00e4m\u00e4ss\u00e4 areenassa etsittiin keinoja v\u00e4h\u00e4hiilisen asumisen edist\u00e4miseen l\u00e4hi\u00f6iss\u00e4 tarkastelemalla erityisesti Kontulan ja Mellunm\u00e4en l\u00e4hi\u00f6it\u00e4. Ty\u00f6ss\u00e4 rakennettiin kaksi muutospolkua, jotka kuvaavat tarvittavia toimia esimerkiksi arjen, kaupunkisuunnittelun ja politiikan n\u00e4k\u00f6kulmista. P\u00e4\u00e4set tutustumaan polkujen ydinajatuksiin ja tarkempiin askeliin yl\u00e4valikon v\u00e4lilehdill\u00e4. Jokaisella sivulla on my\u00f6s tarkentavia kysymyksi\u00e4 ja kommenttikentt\u00e4, joiden &hellip; <\/p>\n<p class=\"link-more\"><a href=\"https:\/\/murrosareena.fi\/lahioareena\/\" class=\"more-link\">Jatka lukemista<span class=\"screen-reader-text\"> &#8221;Tervetuloa tutustumaan l\u00e4hi\u00f6areenan tuloksiin!&#8221;<\/span><\/a><\/p>\n","protected":false},"author":7,"featured_media":0,"parent":0,"menu_order":1,"comment_status":"closed","ping_status":"closed","template":"","meta":{"_acf_changed":false,"footnotes":""},"class_list":["post-19","page","type-page","status-publish","hentry"],"acf":[],"_links":{"self":[{"href":"https:\/\/murrosareena.fi\/lahioareena\/wp-json\/wp\/v2\/pages\/19","targetHints":{"allow":["GET"]}}],"collection":[{"href":"https:\/\/murrosareena.fi\/lahioareena\/wp-json\/wp\/v2\/pages"}],"about":[{"href":"https:\/\/murrosareena.fi\/lahioareena\/wp-json\/wp\/v2\/types\/page"}],"author":[{"embeddable":true,"href":"https:\/\/murrosareena.fi\/lahioareena\/wp-json\/wp\/v2\/users\/7"}],"replies":[{"embeddable":true,"href":"https:\/\/murrosareena.fi\/lahioareena\/wp-json\/wp\/v2\/comments?post=19"}],"version-history":[{"count":10,"href":"https:\/\/murrosareena.fi\/lahioareena\/wp-json\/wp\/v2\/pages\/19\/revisions"}],"predecessor-version":[{"id":196,"href":"https:\/\/murrosareena.fi\/lahioareena\/wp-json\/wp\/v2\/pages\/19\/revisions\/196"}],"wp:attachment":[{"href":"https:\/\/murrosareena.fi\/lahioareena\/wp-json\/wp\/v2\/media?parent=19"}],"curies":[{"name":"wp","href":"https:\/\/api.w.org\/{rel}","templated":true}]}}